{"id":257,"date":"2017-09-21T11:16:17","date_gmt":"2017-09-21T09:16:17","guid":{"rendered":"http:\/\/www.triale.org\/?page_id=257"},"modified":"2023-08-30T21:13:34","modified_gmt":"2023-08-30T19:13:34","slug":"about-2","status":"publish","type":"page","link":"https:\/\/www.triale.org\/WP\/?page_id=257","title":{"rendered":"ABOUT"},"content":{"rendered":"\n<p><b>TRIALE is a research institute for experimental design, cultural techniques and knowledge transfer. The institute embraces the experiment, the effects of serendipity, trial and error as well as the educational benefits of project oriented learning. Founded in 2017 to offer an independent testing ground for experiments in art, design and education, the institute develops tools and formats to become a flexible and mobile faculty to work off grid, away from conventional amenities and comfort zones. Modern technology is mixed with traditional crafts to reinvent the ordinary and detect new, yet unknown synergies which may elaborate to become rituals, artifacts, or even new forms of work.&nbsp;<\/b><\/p>\n<p><b>The discourse is open to collaboration with private, educational or other institutional partners. Triale offers a range of workshops, expeditions and lecture programs in changing contexts and environments.<\/b><\/p>\n<p style=\"padding-left: 40px;\"><strong><a href=\"http:\/\/www.the-offbeats.com\/articles\/triale-austria-workshop-interview\/\" target=\"_blank\" rel=\"noopener noreferrer\">read the offbeats interview with TRIALE for more details \u2192<\/a><\/strong><\/p>\n<p><em>Triale ist ein gemeinn\u00fctziges Institut f\u00fcr Wissenstransfer und Gestaltungsforschung frei nach dem Prinzip von Trial and Error &#8211; den Vermittlungs Idealen des handlungsorientierten Lernens. Das Institut wurde im April 2017 gegr\u00fcndet um einen unabh\u00e4ngigen, experimentellen Diskursraum parallel zu bestehenden Bildungssystemen und wirtschaftsorientierten Strukturen zu er\u00f6ffnen. Triale bietet Anlass f\u00fcr den Versuch; f\u00fcr Serendipity und f\u00fcr projektorientiertes Lernen. Dabei werden Konventionen von etablierten Lebensr\u00e4umen und Systemen bewusst hinterfragt bzw. umgangen um eine Neubewertung zulassen zu k\u00f6nnen. Demenstsprechend liegt das Zentrum der Auseinandersetzung im Naturraum, fern von Komfortzonen und st\u00e4dtischer Infrastruktur. In diesem Kontext offeriert Triale eine Serie von Research-Residencies und betreibt ein vielseitiges Workshop Programm.<\/em><\/p>\n<p><iframe loading=\"lazy\" src=\"https:\/\/player.vimeo.com\/video\/232541976\" allowfullscreen=\"allowfullscreen\" width=\"640\" height=\"360\" frameborder=\"0\"><\/iframe><\/p>\n<p>&nbsp;<\/p>\n<h4>Board<\/h4>\n<p><span style=\"font-weight: 400;\"><strong>Michael Moser (Tatschl)<\/strong>,&nbsp;<\/span><span style=\"font-weight: 400;\">*1985 in Villach; 2006 Gr\u00fcndungskomitee GOTO Verein der K\u00fcnste, 2007 Mitbegr\u00fcndung breadedEscalope; MA Design London &#8211; Kingston University; seit 2010 Selbstst\u00e4ndiger Gestalter in Wien; seit 2013 Mitgr\u00fcnder und Partner bE &#8211; Design Studio OG; diverse Feldforschungsprojekte in den Grauzonen zwischen Kunst, Design und Handwerk, Hochsee und Hochgebirge, Einsiedelei und Wirtshaus. Workshops und Lehrt\u00e4tigkeiten&nbsp; &#8211; TU Graz, NDU St.P\u00f6lten, Kingston University, ENSAD St.Etienne, FHNW Basel &#8211; Hyperwerk, Die Angewandte Wien &#8211; Social Design Studio. Ausstellungen mit breadedEscalope im In- und Ausland.&nbsp;<br>(<a href=\"http:\/\/www.breadedescalope.com\" target=\"_blank\" rel=\"noopener noreferrer\">breadedescalope.com<\/a>)<\/span><\/p>\n<p><span style=\"font-weight: 400;\"><strong>Maik Perfahl<\/strong>,&nbsp;<\/span><span style=\"font-weight: 400;\">*1976 Linz; Design und Artdirektion \/ 3D Generalist f\u00fcr Architektur, Werbung, Film.&nbsp;<\/span><span style=\"font-weight: 400;\">Mitgr\u00fcnder von Verein &#8222;Nullmaschine&#8220; (art&amp;architecture), Mitgr\u00fcnder des K\u00fcnstler-Kollektiv &#8222;DIVANY&#8220;, Mitgr\u00fcnder IG ComputerGrafik, Organisator Siggraph-Animationsfestival Wien \/ PIXEL. Seit 2012 Mitgr\u00fcnder von mostlikely &#8211; visual and auditive design and direction; Design und Entwicklung der DIY-Paperlampshades; Seit 2013 Vortragender auf \u201eDer Graphischen\u201c f\u00fcr 3d Computergrafik; Ausbildungen: Architektur an der TUWien, Forschungsstipendium TUWien, Autodidakt, Gnomon Masterclasses<br>(<a href=\"http:\/\/www.mostlikely.at\" target=\"_blank\" rel=\"noopener noreferrer\">mostlikely.at<\/a>)<\/span><\/p>\n<p><span style=\"font-weight: 400;\"><strong>Ulrich A. Reiterer<\/strong>,&nbsp;<\/span>*1982 in Graz, lebt in Wien und Graz. K\u00fcnstler, Filmemacher und Dokumentarist. Studium der Architektur an der TU Graz und der Kunst &amp; digitalen Medien an der Akademie der bildenden K\u00fcnste Wien.&nbsp;<span style=\"font-weight: 400;\">Er besch\u00e4ftigt sich in seinen semi-dokumentarischen k\u00fcnstlerischen Arbeiten mit Aspekten der Transformation von Architektur anhand von vielf\u00e4ltigen Akteuren der Stadt und Einflusssph\u00e4ren wie der Sharing Economy. Seine raumbezogenen Arbeiten verhandeln die Digital Transformation als prototypische Deutung und Neunutzung von Objekten. (<a href=\"http:\/\/ulrichreiterer.net\/\" target=\"_blank\" rel=\"noopener noreferrer\">ulrichreiterer.net<\/a>)<\/span><\/p>\n<h4>Former Board Member<\/h4>\n<p><span style=\"font-weight: 400;\"><strong>Tobias Kestel<\/strong>,&nbsp;<\/span><span style=\"font-weight: 400;\">*1976 in Zwiesel\/ Bayern;&nbsp;Mitgr\u00fcnder von White Elephant Studio in Graz und Institut TRIALE in Gallmannsegg. Seine Passion: Materialwertsch\u00e4tzung und -umformungsprozesse bei forschend-philosophischer Herangehensweise und Denkstrukturen, die bis ins All f\u00fchren. Diverse Auszeichnungen und Ausstellungen sowie Lehrt\u00e4tigkeiten im In- und Ausland. Er unterrichtet Grundlagen des Gestaltens an der FH Joanneum in Graz am Studiengang Industrial Design<br>(<a href=\"http:\/\/www.kestel.co\" target=\"_blank\" rel=\"noopener noreferrer\">kestel.co<\/a>)&nbsp;<\/span><\/p>\n<h4>Associates<\/h4>\n<p><strong>Susana Ojeda<\/strong> und <strong>Hubert Marz<\/strong>,&nbsp;Established in 2011 in the Colombian Caribbean coast, estudio elgozo is a creative studio focusing on the communication of inspiring projects. Visual culture and anthropology meet to transport the essence of cultural and social Projects.<br>(<a href=\"https:\/\/estudioelgozo.com\/\" target=\"_blank\" rel=\"noopener noreferrer\">Estudio Elgozo<\/a>)<\/p>\n<hr>\n<h4>Contact<\/h4>\n<p>postal address:<br>TRIALE<br>Pazmanitengasse 21\/6<br>Austria &#8211; 1020 Wien<\/p>\n<p>E-Mail:<br>info(at)triale.org<\/p>\n<hr>\n<p>&nbsp;<\/p>\n<p>Triale wurde von den \u00d6sterreichischen Bundesforsten mittels Projekt-Kooperation und durch Bereitstellung von Infrastruktur unterst\u00fctzt.<\/p>\n<p><a href=\"http:\/\/www.bundesforste.at\" target=\"_blank\" rel=\"noopener noreferrer\"><img loading=\"lazy\" class=\"alignnone size-full wp-image-261\" src=\"http:\/\/www.triale.org\/WP\/wp-content\/uploads\/2017\/09\/logo@2x.png\" alt=\"\" width=\"274\" height=\"64\" srcset=\"https:\/\/www.triale.org\/WP\/wp-content\/uploads\/2017\/09\/logo@2x.png 274w, https:\/\/www.triale.org\/WP\/wp-content\/uploads\/2017\/09\/logo@2x-230x54.png 230w\" sizes=\"(max-width: 274px) 100vw, 274px\" \/><\/a><\/p>\n<p>&nbsp;<\/p>\n","protected":false},"excerpt":{"rendered":"<p>TRIALE is a research institute for experimental design, cultural techniques [&hellip;]<\/p>\n","protected":false},"author":1,"featured_media":0,"parent":0,"menu_order":0,"comment_status":"closed","ping_status":"closed","template":"page-templates\/page_fullwidth.php","meta":{"ngg_post_thumbnail":0},"_links":{"self":[{"href":"https:\/\/www.triale.org\/WP\/index.php?rest_route=\/wp\/v2\/pages\/257"}],"collection":[{"href":"https:\/\/www.triale.org\/WP\/index.php?rest_route=\/wp\/v2\/pages"}],"about":[{"href":"https:\/\/www.triale.org\/WP\/index.php?rest_route=\/wp\/v2\/types\/page"}],"author":[{"embeddable":true,"href":"https:\/\/www.triale.org\/WP\/index.php?rest_route=\/wp\/v2\/users\/1"}],"replies":[{"embeddable":true,"href":"https:\/\/www.triale.org\/WP\/index.php?rest_route=%2Fwp%2Fv2%2Fcomments&post=257"}],"version-history":[{"count":47,"href":"https:\/\/www.triale.org\/WP\/index.php?rest_route=\/wp\/v2\/pages\/257\/revisions"}],"predecessor-version":[{"id":943,"href":"https:\/\/www.triale.org\/WP\/index.php?rest_route=\/wp\/v2\/pages\/257\/revisions\/943"}],"wp:attachment":[{"href":"https:\/\/www.triale.org\/WP\/index.php?rest_route=%2Fwp%2Fv2%2Fmedia&parent=257"}],"curies":[{"name":"wp","href":"https:\/\/api.w.org\/{rel}","templated":true}]}}